{"id":22,"date":"2019-07-07T19:17:27","date_gmt":"2019-07-07T19:17:27","guid":{"rendered":"http:\/\/www.fuve.cz\/?page_id=22"},"modified":"2019-07-07T19:17:27","modified_gmt":"2019-07-07T19:17:27","slug":"home","status":"publish","type":"page","link":"https:\/\/wp2.emouse.eu\/","title":{"rendered":"Dom\u016f"},"content":{"rendered":"<p>[vc_row css=&#8220;.vc_custom_1654720551762{padding-top: 1px !important;padding-bottom: 1px !important;}&#8220;][vc_column css=&#8220;.vc_custom_1679004439711{padding-top: 55px !important;padding-bottom: 30px !important;}&#8220;][smartslider3 slider=&#8220;6&#8243;][\/vc_column][\/vc_row][vc_row][vc_column width=&#8220;1\/2&#8243;][vc_column_text]<\/p>\n<h2>Fotovoltaika na kl\u00ed\u010d<\/h2>\n<p>[\/vc_column_text][vc_row_inner][vc_column_inner width=&#8220;2\/6&#8243;][vc_single_image image=&#8220;3274&#8243; img_size=&#8220;180&#215;315&#8243; style=&#8220;vc_box_rounded&#8220; onclick=&#8220;link_image&#8220;][\/vc_column_inner][vc_column_inner width=&#8220;4\/6&#8243; css=&#8220;.vc_custom_1679609508575{padding-left: 0px !important;}&#8220;][vc_column_text]<\/p>\n<p style=\"text-align: left;\"><strong style=\"font-family: var(--global-body-font-family);\"><span style=\"font-family: inherit;\"><img loading=\"lazy\" decoding=\"async\" class=\"wp-image-2851 alignleft\" src=\"https:\/\/fuve.cz\/\/wp-content\/uploads\/2023\/03\/ok_150x150.webp\" alt=\"\" width=\"35\" height=\"35\" \/>Dod\u00e1n\u00ed do 3 m\u011bs\u00edc\u016f po cel\u00e9 \u010cR<\/span><\/strong><\/p>\n<p>[\/vc_column_text][vc_column_text]<\/p>\n<p style=\"text-align: left;\"><strong style=\"font-family: var(--global-body-font-family);\"><span style=\"font-family: inherit;\"><img loading=\"lazy\" decoding=\"async\" class=\"wp-image-2851 alignleft\" src=\"https:\/\/fuve.cz\/\/wp-content\/uploads\/2023\/03\/ok_150x150.webp\" alt=\"\" width=\"35\" height=\"35\" \/>Garance z\u00edsk\u00e1n\u00ed dotace<a href=\"https:\/\/fuve.cz\/\/garance-a-zaruky\/\" target=\"_blank\" rel=\"noopener\"><img loading=\"lazy\" decoding=\"async\" class=\"wp-image-2851 alignright\" src=\"https:\/\/fuve.cz\/\/wp-content\/uploads\/2023\/03\/i.webp\" alt=\"\" width=\"17\" height=\"17\" \/><\/a><\/span><\/strong><\/p>\n<p>[\/vc_column_text][vc_column_text]<\/p>\n<p style=\"text-align: left;\"><strong style=\"font-family: var(--global-body-font-family);\"><span style=\"font-family: inherit;\"><img loading=\"lazy\" decoding=\"async\" class=\"wp-image-2851 alignleft\" src=\"https:\/\/fuve.cz\/\/wp-content\/uploads\/2023\/03\/ok_150x150.webp\" alt=\"\" width=\"35\" height=\"35\" \/>Nadstandardn\u00ed z\u00e1ruky<\/span><\/strong><\/p>\n<p>[\/vc_column_text][vc_column_text]<\/p>\n<p style=\"text-align: left;\"><strong style=\"font-family: var(--global-body-font-family);\"><span style=\"font-family: inherit;\"><img loading=\"lazy\" decoding=\"async\" class=\"wp-image-2851 alignleft\" src=\"https:\/\/fuve.cz\/\/wp-content\/uploads\/2023\/03\/ok_150x150.webp\" alt=\"\" width=\"35\" height=\"35\" \/>Servis po cel\u00e9 \u010cR<\/span><\/strong><\/p>\n<p>[\/vc_column_text][vc_btn title=&#8220;V\u00edce informac\u00ed&#8220; style=&#8220;flat&#8220; color=&#8220;violet&#8220; align=&#8220;left&#8220; link=&#8220;url:https%3A%2F%2Ffuve.cz%2Fsolarni-elektrarny%2F|title:V%C3%ADce%20informac%C3%AD%20o%20FVE&#8220;][\/vc_column_inner][\/vc_row_inner][\/vc_column][vc_column width=&#8220;1\/2&#8243;][vc_column_text]<\/p>\n<h2>Smart house<\/h2>\n<p>[\/vc_column_text][vc_row_inner][vc_column_inner width=&#8220;2\/6&#8243;][vc_single_image image=&#8220;3287&#8243; img_size=&#8220;150&#215;300&#8243; style=&#8220;vc_box_rounded&#8220; onclick=&#8220;link_image&#8220;][\/vc_column_inner][vc_column_inner width=&#8220;4\/6&#8243; css=&#8220;.vc_custom_1679610091017{padding-left: 0px !important;}&#8220;][vc_column_text]<\/p>\n<p style=\"text-align: left;\"><img loading=\"lazy\" decoding=\"async\" class=\"alignnone wp-image-2851 alignleft\" src=\"https:\/\/fuve.cz\/\/wp-content\/uploads\/2023\/03\/ok_150x150.webp\" alt=\"\" width=\"35\" height=\"35\" \/><strong style=\"font-family: var(--global-body-font-family);\"><span style=\"font-family: inherit;\">Individu\u00e1ln\u00ed p\u0159\u00edstup<\/span><\/strong><\/p>\n<p>[\/vc_column_text][vc_column_text]<\/p>\n<p style=\"text-align: left;\"><img loading=\"lazy\" decoding=\"async\" class=\"alignnone wp-image-2851 alignleft\" src=\"https:\/\/fuve.cz\/\/wp-content\/uploads\/2023\/03\/ok_150x150.webp\" alt=\"\" width=\"35\" height=\"35\" \/><strong style=\"font-family: var(--global-body-font-family);\"><span style=\"font-family: inherit;\">Konzultace zdarma<\/span><\/strong><\/p>\n<p>[\/vc_column_text][vc_column_text]<\/p>\n<p style=\"text-align: left;\"><img loading=\"lazy\" decoding=\"async\" class=\"alignnone wp-image-2851 alignleft\" src=\"https:\/\/fuve.cz\/\/wp-content\/uploads\/2023\/03\/ok_150x150.webp\" alt=\"\" width=\"35\" height=\"35\" \/><strong style=\"font-family: var(--global-body-font-family);\"><span style=\"font-family: inherit;\">Nastaven\u00ed na m\u00edru<\/span><\/strong><\/p>\n<p>[\/vc_column_text][vc_column_text]<\/p>\n<p style=\"text-align: left;\"><img loading=\"lazy\" decoding=\"async\" class=\"alignnone wp-image-2851 alignleft\" src=\"https:\/\/fuve.cz\/\/wp-content\/uploads\/2023\/03\/ok_150x150.webp\" alt=\"\" width=\"35\" height=\"35\" \/><strong style=\"font-family: var(--global-body-font-family);\"><span style=\"font-family: inherit;\">Zm\u011bna nastaven\u00ed po 3 m\u011bs\u00edc\u00edch<\/span><\/strong><\/p>\n<p>[\/vc_column_text][vc_btn title=&#8220;V\u00edce informac\u00ed&#8220; style=&#8220;flat&#8220; color=&#8220;violet&#8220; align=&#8220;left&#8220; link=&#8220;url:https%3A%2F%2Ffuve.cz%2Fdivize-smart%2F|title:V%C3%ADce%20informac%C3%AD%20o%20chytr%C3%BDch%20domech&#8220;][\/vc_column_inner][\/vc_row_inner][\/vc_column][\/vc_row][vc_row css=&#8220;.vc_custom_1654704427130{padding-top: 0px !important;padding-bottom: 0px !important;}&#8220;][vc_column][vc_row_inner][vc_column_inner][vc_column_text]<\/p>\n<h2 style=\"text-align: center;\"><strong>Pr\u00e1v\u011b realizujeme<\/strong><\/h2>\n<p>[\/vc_column_text][vc_basic_grid post_type=&#8220;post&#8220; max_items=&#8220;3&#8243; gap=&#8220;35&#8243; item=&#8220;3430&#8243; grid_id=&#8220;vc_gid:1693147746157-b6cf46cb-d7cd-3&#8243; taxonomies=&#8220;48&#8243;][\/vc_column_inner][\/vc_row_inner][\/vc_column][\/vc_row][vc_row][vc_column width=&#8220;1\/2&#8243;][vc_column_text]<\/p>\n<h2 style=\"text-align: left;\"><strong>Na\u0161i partne\u0159i<\/strong><\/h2>\n<p>[\/vc_column_text][vc_gallery type=&#8220;image_grid&#8220; images=&#8220;2718,2717,2716,2715,2714,2713,2553,2719&#8243; img_size=&#8220;250&#215;150&#8243; onclick=&#8220;&#8220;][\/vc_column][vc_column width=&#8220;1\/2&#8243;][vc_column_text]<\/p>\n<h2 style=\"text-align: left;\"><strong>Kontaktujte n\u00e1s<\/strong><\/h2>\n<p><span class=\"NormalTextRun SpellingErrorV2Themed SCXW100312543 BCX0\">M\u00e1te<\/span>\u00a0<span class=\"NormalTextRun SpellingErrorV2Themed SCXW100312543 BCX0\">z\u00e1jem<\/span><span class=\"NormalTextRun SCXW100312543 BCX0\">\u00a0o\u00a0<\/span><span class=\"NormalTextRun SpellingErrorV2Themed SCXW100312543 BCX0\">popt\u00e1n\u00ed<\/span>\u00a0<span class=\"NormalTextRun SpellingErrorV2Themed SCXW100312543 BCX0\">na\u0161ich<\/span>\u00a0<span class=\"NormalTextRun SpellingErrorV2Themed SCXW100312543 BCX0\">slu\u017eeb<\/span>\u00a0<span class=\"NormalTextRun SpellingErrorV2Themed SCXW100312543 BCX0\">nebo<\/span>\u00a0<span class=\"NormalTextRun SpellingErrorV2Themed SCXW100312543 BCX0\">m\u00e1te<\/span>\u00a0<span class=\"NormalTextRun SpellingErrorV2Themed SCXW100312543 BCX0\">dotaz<\/span><span class=\"NormalTextRun SCXW100312543 BCX0\">?\u00a0<\/span><span class=\"NormalTextRun SpellingErrorV2Themed SCXW100312543 BCX0\">Kontaktujte<\/span>\u00a0<span class=\"NormalTextRun SpellingErrorV2Themed SCXW100312543 BCX0\">n\u00e1s.<\/span>[\/vc_column_text][vc_column_text]<a href=\"https:\/\/fuve.cz\/solarni-elektrarny\/detailni-poptavka-fve\/\">Chcete kompletn\u00ed nab\u00eddku do 48h? Pros\u00edm vypl\u0148te n\u00e1m v\u00edce informac\u00ed<\/a>[\/vc_column_text][contact-form-7 id=&#8220;1693&#8243;][\/vc_column][\/vc_row]<\/p>\n","protected":false},"excerpt":{"rendered":"<p>[vc_row css=&#8220;.vc_custom_1654720551762{padding-top: 1px !important;padding-bottom: 1px !important;}&#8220;][vc_column css=&#8220;.vc_custom_1679004439711{padding-top: 55px !important;padding-bottom: 30px !important;}&#8220;][smartslider3 slider=&#8220;6&#8243;][\/vc_column][\/vc_row][vc_row][vc_column width=&#8220;1\/2&#8243;][vc_column_text] Fotovoltaika na kl\u00ed\u010d [\/vc_column_text][vc_row_inner][vc_column_inner width=&#8220;2\/6&#8243;][vc_single_image image=&#8220;3274&#8243; img_size=&#8220;180&#215;315&#8243; style=&#8220;vc_box_rounded&#8220; onclick=&#8220;link_image&#8220;][\/vc_column_inner][vc_column_inner width=&#8220;4\/6&#8243; css=&#8220;.vc_custom_1679609508575{padding-left: 0px !important;}&#8220;][vc_column_text] Dod\u00e1n\u00ed do 3 m\u011bs\u00edc\u016f po cel\u00e9 \u010cR [\/vc_column_text][vc_column_text] Garance z\u00edsk\u00e1n\u00ed dotace [\/vc_column_text][vc_column_text] Nadstandardn\u00ed z\u00e1ruky [\/vc_column_text][vc_column_text] Servis po cel\u00e9 \u010cR [\/vc_column_text][vc_btn title=&#8220;V\u00edce informac\u00ed&#8220; style=&#8220;flat&#8220; color=&#8220;violet&#8220; align=&#8220;left&#8220; link=&#8220;url:https%3A%2F%2Ffuve.cz%2Fsolarni-elektrarny%2F|title:V%C3%ADce%20informac%C3%AD%20o%20FVE&#8220;][\/vc_column_inner][\/vc_row_inner][\/vc_column][vc_column width=&#8220;1\/2&#8243;][vc_column_text] Smart house&#8230;<\/p>\n","protected":false},"author":1,"featured_media":0,"parent":0,"menu_order":0,"comment_status":"closed","ping_status":"closed","template":"","meta":{"_kadence_starter_templates_imported_post":false,"_kad_post_transparent":"default","_kad_post_title":"hide","_kad_post_layout":"default","_kad_post_sidebar_id":"","_kad_post_content_style":"default","_kad_post_vertical_padding":"default","_kad_post_feature":"","_kad_post_feature_position":"","_kad_post_header":false,"_kad_post_footer":false,"_kad_post_classname":"","footnotes":""},"class_list":["post-22","page","type-page","status-publish","hentry"],"_links":{"self":[{"href":"https:\/\/wp2.emouse.eu\/index.php?rest_route=\/wp\/v2\/pages\/22","targetHints":{"allow":["GET"]}}],"collection":[{"href":"https:\/\/wp2.emouse.eu\/index.php?rest_route=\/wp\/v2\/pages"}],"about":[{"href":"https:\/\/wp2.emouse.eu\/index.php?rest_route=\/wp\/v2\/types\/page"}],"author":[{"embeddable":true,"href":"https:\/\/wp2.emouse.eu\/index.php?rest_route=\/wp\/v2\/users\/1"}],"replies":[{"embeddable":true,"href":"https:\/\/wp2.emouse.eu\/index.php?rest_route=%2Fwp%2Fv2%2Fcomments&post=22"}],"version-history":[{"count":0,"href":"https:\/\/wp2.emouse.eu\/index.php?rest_route=\/wp\/v2\/pages\/22\/revisions"}],"wp:attachment":[{"href":"https:\/\/wp2.emouse.eu\/index.php?rest_route=%2Fwp%2Fv2%2Fmedia&parent=22"}],"curies":[{"name":"wp","href":"https:\/\/api.w.org\/{rel}","templated":true}]}}