{"id":249,"date":"2019-09-08T19:14:23","date_gmt":"2019-09-08T19:14:23","guid":{"rendered":"http:\/\/www.fuve.cz\/?page_id=249"},"modified":"2019-09-08T19:14:23","modified_gmt":"2019-09-08T19:14:23","slug":"chytry-byt","status":"publish","type":"page","link":"https:\/\/wp2.emouse.eu\/?page_id=249","title":{"rendered":"Chytr\u00fd byt"},"content":{"rendered":"<p>[vc_row][vc_column][vc_column_text]<\/p>\n<div class=\"mb-3 heading\">\n<h1 class=\"mb-3\">Chytr\u00fd byt<\/h1>\n<p>Chcete b\u00fdt in ?&#8230;nechcete se b\u00e1t o majetek kdy\u017e jdete ven se pobavit ?<\/p>\n<\/div>\n<p>[\/vc_column_text][vc_column_text]Chytr\u00e9 bydlen\u00ed je tu, aby v\u00e1m \u017eivot zjednodu\u0161ilo a vymazalo denn\u00ed rutinu a starosti o v\u00e1\u0161 majetek. A\u0165 je byt v\u00e1\u0161, \u010di jste v podn\u00e1jmu, lze integrovat chytr\u00e9 technologie do obou prost\u0159ed\u00ed a to d\u00edky bezdr\u00e1tov\u00e9 pohodln\u00e9 technologii.[\/vc_column_text][\/vc_column][\/vc_row][vc_row][vc_column][vc_row_inner][vc_column_inner width=&#8220;1\/2&#8243;][vc_column_text]<\/p>\n<h2>Chytr\u00e9 bydlen\u00ed v byt\u011b<\/h2>\n<p>Syst\u00e9m je pou\u017eiteln\u00fd jak pro jednotliv\u00e9 byty, tak cel\u00e9 budovy. D\u00edky komplexn\u00edmu syst\u00e9mu m\u016f\u017eete ovl\u00e1dat a kontrolovat i n\u011bkolik rezidenc\u00ed.<\/p>\n<ul>\n<li>Spr\u00e1va budov jednodu\u0161e a p\u0159ehledn\u011b<\/li>\n<li>Integrace syst\u00e9mu jak pro spole\u010dn\u00e9 prostory tak i samostatn\u00e9 byty<\/li>\n<li>Lze implmentovat od mal\u00fdch jednotek a\u017e po cel\u00e9 domy<\/li>\n<\/ul>\n<p>Dejte sv\u00fdm projekt\u016fm p\u0159idanou hodnotu smart technologi\u00ed \u2013 ji\u017e p\u0159i vjezdu do dvora, p\u0159es chodbu a samotn\u00fd byt. Automatick\u00e1 vrata, osv\u011btlen\u00ed, senzory, domovn\u00ed interkomy a z\u00e1mky jsou jen za\u010d\u00e1tek komfortn\u00edho bydlen\u00ed.[\/vc_column_text][\/vc_column_inner][vc_column_inner width=&#8220;1\/2&#8243;][vc_single_image image=&#8220;3320&#8243; img_size=&#8220;medium&#8220; alignment=&#8220;center&#8220;][\/vc_column_inner][\/vc_row_inner][\/vc_column][\/vc_row][vc_row][vc_column][vc_row_inner][vc_column_inner width=&#8220;1\/2&#8243;][vc_single_image image=&#8220;3321&#8243; img_size=&#8220;medium&#8220; alignment=&#8220;center&#8220;][\/vc_column_inner][vc_column_inner width=&#8220;1\/2&#8243;][vc_column_text]<\/p>\n<h2>Pohodln\u00fd a bezpe\u010dn\u00fd<\/h2>\n<p>Chr\u00e1nit to, co m\u00e1te r\u00e1di, nebylo nikdy snaz\u0161\u00ed. Modern\u00ed technologie v\u00e1m dovol\u00ed ovl\u00e1dat z\u00e1mky u dve\u0159\u00ed, hl\u00eddat otev\u0159en\u00ed oken, ochr\u00e1n\u00ed p\u0159ed vytopen\u00edm. Smart syst\u00e9m dok\u00e1\u017ee chr\u00e1nit i va\u0161e zdrav\u00ed, proto\u017ee v z\u00e1kladu detekuj\u00ed syst\u00e9my p\u0159\u00edtomnost kou\u0159e a plynu, i hladinu CO2.<\/p>\n<p>Jedin\u00fdm stiskem lze p\u0159izp\u016fsobit sv\u011btelnou sc\u00e9nu, teplotu ovzdu\u0161\u00ed, zkontroluje uzam\u010den\u00ed cel\u00e9ho bytu. Nejen pohodl\u00ed, ale tak\u00e9 \u00faspory. Pokud zapomenete zhasnout nebo se jen p\u0159esunete do jin\u00e9 m\u00edstnosti, syst\u00e9m automaticky zhasne za v\u00e1s a \u0161et\u0159\u00ed v\u00e1m pen\u00edze. U\u017e v\u00e1s nebav\u00ed neust\u00e1le p\u0159enastavovat topen\u00ed? Na\u0161\u00edm syst\u00e9mem si jednodu\u0161e nastav\u00edte teplotu, kter\u00e1 vyhovuje v\u00e1m a jednou pro v\u017edy.<br \/>\n[\/vc_column_text][\/vc_column_inner][\/vc_row_inner][\/vc_column][\/vc_row][vc_row][vc_column][vc_row_inner][vc_column_inner width=&#8220;1\/2&#8243;][vc_column_text]<\/p>\n<h2>P\u0159\u00edklady \u010dasto instalovan\u00fdch prvk\u016f smart technologie<\/h2>\n<ul>\n<li>Dom\u00e1c\u00ed interkomy\u00a0ve spojen\u00ed s\u00a0dotykov\u00fdm panelem v ka\u017ed\u00e9m byt\u011b<\/li>\n<li>Pohybov\u00e9 senzory pro ovl\u00e1d\u00e1n\u00ed sv\u011btel, topen\u00ed \u010di zabezpe\u010den\u00ed<\/li>\n<li>Elektronicky \u0159\u00edzen\u00e9 z\u00e1mky<\/li>\n<li>Senzory otev\u0159en\u00fdch oken \u010di dve\u0159\u00ed<\/li>\n<li>Detektory kou\u0159e, kvality vzduchu \u010di \u00faniku vody<\/li>\n<li>Dotykov\u00e9 panely pro intuitivn\u00ed ovl\u00e1d\u00e1n\u00ed<\/li>\n<li>Integrovan\u00e9\u00a0termostaty\u00a0a nez\u00e1visl\u00e9 okruhy topen\u00ed<\/li>\n<li>Multimedi\u00e1ln\u00ed centrum ve v\u0161ech m\u00edstnostech<\/li>\n<\/ul>\n<p>[\/vc_column_text][\/vc_column_inner][vc_column_inner width=&#8220;1\/2&#8243;][vc_single_image image=&#8220;3327&#8243; img_size=&#8220;medium&#8220; alignment=&#8220;center&#8220;][\/vc_column_inner][\/vc_row_inner][\/vc_column][\/vc_row]<\/p>\n","protected":false},"excerpt":{"rendered":"<p>[vc_row][vc_column][vc_column_text] Chytr\u00fd byt Chcete b\u00fdt in ?&#8230;nechcete se b\u00e1t o majetek kdy\u017e jdete ven se pobavit ? [\/vc_column_text][vc_column_text]Chytr\u00e9 bydlen\u00ed je tu, aby v\u00e1m \u017eivot zjednodu\u0161ilo a vymazalo denn\u00ed rutinu a starosti o v\u00e1\u0161 majetek. A\u0165 je byt v\u00e1\u0161, \u010di jste v podn\u00e1jmu, lze integrovat chytr\u00e9 technologie do obou prost\u0159ed\u00ed a to d\u00edky bezdr\u00e1tov\u00e9 pohodln\u00e9 technologii.[\/vc_column_text][\/vc_column][\/vc_row][vc_row][vc_column][vc_row_inner][vc_column_inner&#8230;<\/p>\n","protected":false},"author":1,"featured_media":0,"parent":1183,"menu_order":0,"comment_status":"closed","ping_status":"closed","template":"","meta":{"_kadence_starter_templates_imported_post":false,"_kad_post_transparent":"default","_kad_post_title":"default","_kad_post_layout":"default","_kad_post_sidebar_id":"","_kad_post_content_style":"default","_kad_post_vertical_padding":"default","_kad_post_feature":"","_kad_post_feature_position":"","_kad_post_header":false,"_kad_post_footer":false,"_kad_post_classname":"","footnotes":""},"class_list":["post-249","page","type-page","status-publish","hentry"],"_links":{"self":[{"href":"https:\/\/wp2.emouse.eu\/index.php?rest_route=\/wp\/v2\/pages\/249","targetHints":{"allow":["GET"]}}],"collection":[{"href":"https:\/\/wp2.emouse.eu\/index.php?rest_route=\/wp\/v2\/pages"}],"about":[{"href":"https:\/\/wp2.emouse.eu\/index.php?rest_route=\/wp\/v2\/types\/page"}],"author":[{"embeddable":true,"href":"https:\/\/wp2.emouse.eu\/index.php?rest_route=\/wp\/v2\/users\/1"}],"replies":[{"embeddable":true,"href":"https:\/\/wp2.emouse.eu\/index.php?rest_route=%2Fwp%2Fv2%2Fcomments&post=249"}],"version-history":[{"count":0,"href":"https:\/\/wp2.emouse.eu\/index.php?rest_route=\/wp\/v2\/pages\/249\/revisions"}],"up":[{"embeddable":true,"href":"https:\/\/wp2.emouse.eu\/index.php?rest_route=\/wp\/v2\/pages\/1183"}],"wp:attachment":[{"href":"https:\/\/wp2.emouse.eu\/index.php?rest_route=%2Fwp%2Fv2%2Fmedia&parent=249"}],"curies":[{"name":"wp","href":"https:\/\/api.w.org\/{rel}","templated":true}]}}