{"id":409,"date":"2019-10-06T11:34:20","date_gmt":"2019-10-06T11:34:20","guid":{"rendered":"http:\/\/www.fuve.cz\/?page_id=409"},"modified":"2019-10-06T11:34:20","modified_gmt":"2019-10-06T11:34:20","slug":"chytry-hotel","status":"publish","type":"page","link":"https:\/\/wp2.emouse.eu\/?page_id=409","title":{"rendered":"Chytr\u00fd hotel"},"content":{"rendered":"<p>[vc_row][vc_column][vc_column_text]<\/p>\n<div class=\"mb-3 heading\">\n<h1 class=\"mb-3\">Chytr\u00fd hotel<\/h1>\n<\/div>\n<div class=\"mb-3 subheading\">Z\u00edskejte kontrolu nad ka\u017edou m\u00edstnost\u00ed a zefektivn\u011bte provoz va\u0161eho hotelu.<\/div>\n<p>[\/vc_column_text][\/vc_column][\/vc_row][vc_row][vc_column][vc_column_text]Chytr\u00fd hotel znamen\u00e1 zv\u00fd\u0161en\u00fd komfort pro va\u0161e hosty a pohodl\u00ed pro ka\u017ed\u00e9ho n\u00e1v\u0161t\u011bvn\u00edka va\u0161eho hotelu. A\u0165 se jedn\u00e1 o samotn\u00e9 pokoje nebo konferen\u010dn\u00ed m\u00edstnost, v\u017edy je c\u00edlem nab\u00eddnout mo\u017enost ovl\u00e1dat osv\u011btlen\u00ed, teplotu, st\u00edn\u011bn\u00ed, audiovizu\u00e1ln\u00ed techniky a to v\u0161e z aplikace \u010di jin\u00fdm zp\u016fsobem.<\/p>\n<p>Pro v\u00e1s jako management hotelu, bude p\u0159\u00ednos syst\u00e9mu v kontrole nad ka\u017edou m\u00edstnost\u00ed, bezpe\u010dnost cel\u00e9 budovy p\u0159ed po\u017e\u00e1rem a p\u0159\u00edtomnosti \u0161kodliv\u00e9ho CO2. Lze zvolit syst\u00e9m natolik sofistikovan\u00fd, \u017ee va\u0161e p\u0159\u00edtomnost pro ovl\u00e1d\u00e1n\u00ed a \u0159\u00edzen\u00ed hotelu nebude t\u0159eba.<br \/>\n[\/vc_column_text][\/vc_column][\/vc_row][vc_row][vc_column width=&#8220;1\/2&#8243;][vc_column_text]<\/p>\n<h2>P\u0159\u00edstupov\u00e9 syst\u00e9my pro hotely<\/h2>\n<p>Nab\u00edz\u00edme nejmodern\u011bj\u0161\u00ed a bezpe\u010dn\u00e9 p\u0159\u00edstupov\u00e9 syst\u00e9my pro hotely, penziony. Ovlada\u010de prov\u00e1d\u00ed ve\u0161ker\u00e9 \u00falohy hotelov\u00e9ho provozu a lze je ovl\u00e1dat z centr\u00e1ln\u00edho bodu nap\u0159. recepce.<\/p>\n<p>Zvolte syst\u00e9m, kter\u00fd spl\u0148uje v\u0161echny po\u017eadavky pro modern\u00ed architektura \u2013 nejvy\u0161\u0161\u00ed \u00farove\u0148 kvality a p\u0159edev\u0161\u00edm pohodl\u00ed: od ovl\u00e1d\u00e1n\u00ed \u017ealuzi\u00ed, osv\u011btlen\u00ed a topen\u00ed a\u017e po m\u00e9dia (TV, prezentace, sc\u00e9ny) a p\u0159\u00edstupov\u00e9 syst\u00e9my, v\u0161e jednodu\u0161e ovl\u00e1dateln\u00e9.<br \/>\n[\/vc_column_text][\/vc_column][vc_column width=&#8220;1\/2&#8243;][vc_single_image image=&#8220;3315&#8243; img_size=&#8220;medium&#8220; alignment=&#8220;center&#8220;][\/vc_column][\/vc_row][vc_row][vc_column width=&#8220;1\/2&#8243;][vc_single_image image=&#8220;3314&#8243; img_size=&#8220;medium&#8220; alignment=&#8220;center&#8220;][\/vc_column][vc_column width=&#8220;1\/2&#8243;][vc_column_text]<\/p>\n<h2>Ovl\u00e1d\u00e1n\u00ed cel\u00e9 m\u00edstnosti<\/h2>\n<p>Jedn\u00e1 se o automatick\u00e9 ovl\u00e1d\u00e1n\u00ed osv\u011btlen\u00ed, kter\u00e9 je \u0159\u00edzeno kombinaci detektor\u016f (pohybov\u00fd\/dve\u0159n\u00ed) a sp\u00ednac\u00edho prvku. Ovl\u00e1d\u00e1n\u00ed prob\u00edh\u00e1 zcela automaticky nebo prost\u0159ednictv\u00edm bezdr\u00e1tov\u00e9ho ovlada\u010de, kter\u00fd m\u00e1 mimo z\u00e1kladn\u00ed funkce (ON\/OFF) nav\u00edc funkci MASTEROFF (jedn\u00edm stiskem vypne v\u0161echna sv\u011btla).<br \/>\nDok\u00e1\u017ee \u0159\u00eddit nejen hlavn\u00ed osv\u011btlen\u00ed pokoje, ale tak\u00e9 lampu v rohu m\u00edstnosti, z\u00e1clony\/\u017ealuzie nebo um\u00ed vypnout v\u0161echny\/n\u011bkter\u00e9 z\u00e1suvkov\u00e9 okruhy. Tato kombinace detektoru a sp\u00ednac\u00edho prvku p\u0159in\u00e1\u0161\u00ed hoteli\u00e9r\u016fm \u00fasporu n\u00e1klad\u016f na osv\u011btlen\u00ed a z\u00e1kazn\u00edk\u016fm komfort ovl\u00e1d\u00e1n\u00ed.[\/vc_column_text][\/vc_column][\/vc_row][vc_row][vc_column width=&#8220;1\/2&#8243;][vc_column_text]<\/p>\n<h2>V\u0161e v jednom<\/h2>\n<p>Syst\u00e9m pro chytr\u00e9 hotely v\u00e1m umo\u017en\u00ed kontrolu nad v\u0161emi m\u00edstnostmi hotelu. Od kamerov\u00e9 bezpe\u010dnosti na chodb\u00e1ch a spole\u010densk\u00fdch m\u00edstnostech, a\u017e po kontrolu teploty a osv\u011btlen\u00ed v ka\u017ed\u00e9 m\u00edstnosti. U\u017eivatelsky p\u0159\u00edv\u011btiv\u00e9 rozhran\u00ed v\u00e1m usnadn\u00ed kontrolu a efektivn\u00ed ovl\u00e1d\u00e1n\u00ed hotelu pro ka\u017ed\u00e9ho.[\/vc_column_text][\/vc_column][vc_column width=&#8220;1\/2&#8243;][vc_single_image image=&#8220;3316&#8243; img_size=&#8220;medium&#8220; alignment=&#8220;center&#8220;][\/vc_column][\/vc_row]<\/p>\n","protected":false},"excerpt":{"rendered":"<p>[vc_row][vc_column][vc_column_text] Chytr\u00fd hotel Z\u00edskejte kontrolu nad ka\u017edou m\u00edstnost\u00ed a zefektivn\u011bte provoz va\u0161eho hotelu. [\/vc_column_text][\/vc_column][\/vc_row][vc_row][vc_column][vc_column_text]Chytr\u00fd hotel znamen\u00e1 zv\u00fd\u0161en\u00fd komfort pro va\u0161e hosty a pohodl\u00ed pro ka\u017ed\u00e9ho n\u00e1v\u0161t\u011bvn\u00edka va\u0161eho hotelu. A\u0165 se jedn\u00e1 o samotn\u00e9 pokoje nebo konferen\u010dn\u00ed m\u00edstnost, v\u017edy je c\u00edlem nab\u00eddnout mo\u017enost ovl\u00e1dat osv\u011btlen\u00ed, teplotu, st\u00edn\u011bn\u00ed, audiovizu\u00e1ln\u00ed techniky a to v\u0161e z aplikace \u010di jin\u00fdm&#8230;<\/p>\n","protected":false},"author":1,"featured_media":0,"parent":1183,"menu_order":0,"comment_status":"closed","ping_status":"closed","template":"","meta":{"_kadence_starter_templates_imported_post":false,"_kad_post_transparent":"default","_kad_post_title":"default","_kad_post_layout":"default","_kad_post_sidebar_id":"","_kad_post_content_style":"default","_kad_post_vertical_padding":"default","_kad_post_feature":"","_kad_post_feature_position":"","_kad_post_header":false,"_kad_post_footer":false,"_kad_post_classname":"","footnotes":""},"class_list":["post-409","page","type-page","status-publish","hentry"],"_links":{"self":[{"href":"https:\/\/wp2.emouse.eu\/index.php?rest_route=\/wp\/v2\/pages\/409","targetHints":{"allow":["GET"]}}],"collection":[{"href":"https:\/\/wp2.emouse.eu\/index.php?rest_route=\/wp\/v2\/pages"}],"about":[{"href":"https:\/\/wp2.emouse.eu\/index.php?rest_route=\/wp\/v2\/types\/page"}],"author":[{"embeddable":true,"href":"https:\/\/wp2.emouse.eu\/index.php?rest_route=\/wp\/v2\/users\/1"}],"replies":[{"embeddable":true,"href":"https:\/\/wp2.emouse.eu\/index.php?rest_route=%2Fwp%2Fv2%2Fcomments&post=409"}],"version-history":[{"count":0,"href":"https:\/\/wp2.emouse.eu\/index.php?rest_route=\/wp\/v2\/pages\/409\/revisions"}],"up":[{"embeddable":true,"href":"https:\/\/wp2.emouse.eu\/index.php?rest_route=\/wp\/v2\/pages\/1183"}],"wp:attachment":[{"href":"https:\/\/wp2.emouse.eu\/index.php?rest_route=%2Fwp%2Fv2%2Fmedia&parent=409"}],"curies":[{"name":"wp","href":"https:\/\/api.w.org\/{rel}","templated":true}]}}